{"id":33,"date":"2024-06-18T21:43:19","date_gmt":"2024-06-18T19:43:19","guid":{"rendered":"https:\/\/biomat.ch.pw.edu.pl\/?page_id=33"},"modified":"2025-11-19T20:25:37","modified_gmt":"2025-11-19T19:25:37","slug":"our-team","status":"publish","type":"page","link":"https:\/\/biomat.ch.pw.edu.pl\/index.php\/our-team\/","title":{"rendered":"Our Team"},"content":{"rendered":"\n<div class=\"wp-block-group alignwide is-layout-flow wp-block-group-is-layout-flow\" style=\"padding-top:var(--wp--preset--spacing--30);padding-right:0;padding-bottom:var(--wp--preset--spacing--30);padding-left:0\">\n<div class=\"wp-block-columns is-layout-flex wp-container-core-columns-is-layout-28f84493 wp-block-columns-is-layout-flex\">\n<div class=\"wp-block-column is-layout-flow wp-block-column-is-layout-flow\">\n<div class=\"wp-block-media-text is-stacked-on-mobile\" style=\"grid-template-columns:20% auto\"><figure class=\"wp-block-media-text__media\"><img fetchpriority=\"high\" decoding=\"async\" width=\"2109\" height=\"2560\" src=\"https:\/\/biomat.ch.pw.edu.pl\/wp-content\/uploads\/2024\/06\/DJ-scaled.jpg\" alt=\"\" class=\"wp-image-138 size-full\" srcset=\"https:\/\/biomat.ch.pw.edu.pl\/wp-content\/uploads\/2024\/06\/DJ-scaled.jpg 2109w, https:\/\/biomat.ch.pw.edu.pl\/wp-content\/uploads\/2024\/06\/DJ-1265x1536.jpg 1265w, https:\/\/biomat.ch.pw.edu.pl\/wp-content\/uploads\/2024\/06\/DJ-1687x2048.jpg 1687w\" sizes=\"(max-width: 2109px) 100vw, 2109px\" \/><\/figure><div class=\"wp-block-media-text__content\">\n<p class=\"has-medium-font-size\">prof. dr hab. in\u017c.<\/p>\n\n\n\n<p class=\"has-medium-font-size\"><strong>Dominik Ja\u0144czewski<\/strong><\/p>\n\n\n\n<p class=\"has-medium-font-size\">group leader<\/p>\n\n\n\n<div class=\"wp-block-columns is-not-stacked-on-mobile is-layout-flex wp-container-core-columns-is-layout-f0342b05 wp-block-columns-is-layout-flex\" style=\"margin-top:0;margin-bottom:0\">\n<div class=\"wp-block-column is-vertically-aligned-center is-layout-flow wp-block-column-is-layout-flow\" style=\"flex-basis:10%\">\n<figure class=\"wp-block-image aligncenter size-thumbnail is-resized\" style=\"margin-left:0\"><img decoding=\"async\" width=\"150\" height=\"150\" src=\"https:\/\/biomat.ch.pw.edu.pl\/wp-content\/uploads\/2024\/12\/ORCID_iDsmall-150x150.png\" alt=\"\" class=\"wp-image-602\" style=\"width:50px;height:auto\" srcset=\"https:\/\/biomat.ch.pw.edu.pl\/wp-content\/uploads\/2024\/12\/ORCID_iDsmall-150x150.png 150w, https:\/\/biomat.ch.pw.edu.pl\/wp-content\/uploads\/2024\/12\/ORCID_iDsmall.png 200w\" sizes=\"(max-width: 150px) 100vw, 150px\" \/><\/figure>\n<\/div>\n\n\n\n<div class=\"wp-block-column is-vertically-aligned-center has-medium-font-size is-layout-flow wp-block-column-is-layout-flow\" style=\"flex-basis:90%\">\n<p class=\"has-small-font-size\"><a href=\"https:\/\/orcid.org\/0000-0002-5466-6444\" data-type=\"link\" data-id=\"https:\/\/orcid.org\/0000-0002-5466-6444\">https:\/\/orcid.org\/0000-0002-5466-6444<\/a><\/p>\n<\/div>\n<\/div>\n<\/div><\/div>\n<\/div>\n<\/div>\n<\/div>\n\n\n\n<div class=\"wp-block-group alignwide is-layout-flow wp-block-group-is-layout-flow\" style=\"padding-top:var(--wp--preset--spacing--30);padding-right:var(--wp--preset--spacing--30);padding-bottom:var(--wp--preset--spacing--30);padding-left:var(--wp--preset--spacing--30)\">\n<div class=\"wp-block-columns is-layout-flex wp-container-core-columns-is-layout-28f84493 wp-block-columns-is-layout-flex\">\n<div class=\"wp-block-column is-layout-flow wp-block-column-is-layout-flow\">\n<div class=\"wp-block-media-text is-stacked-on-mobile is-vertically-aligned-top is-image-fill-element\" style=\"margin-top:0;padding-top:var(--wp--preset--spacing--20);padding-bottom:0\"><figure class=\"wp-block-media-text__media\"><img decoding=\"async\" width=\"1000\" height=\"700\" src=\"https:\/\/biomat.ch.pw.edu.pl\/wp-content\/uploads\/2024\/06\/Rafakl-K.png\" alt=\"\" class=\"wp-image-71 size-full\" style=\"object-position:48% 38%\"\/><\/figure><div class=\"wp-block-media-text__content\">\n<p class=\"has-medium-font-size\">dr in\u017c. <strong>Rafa\u0142 Kopiasz<\/strong><\/p>\n\n\n\n<p>Assistant<\/p>\n\n\n\n<p class=\"has-small-font-size\">sabbatical at Universit\u00e9 Paris-Saclay<\/p>\n<\/div><\/div>\n\n\n\n<div class=\"wp-block-columns is-not-stacked-on-mobile is-layout-flex wp-container-core-columns-is-layout-b7b9617b wp-block-columns-is-layout-flex\" style=\"margin-top:var(--wp--preset--spacing--10);margin-bottom:0;padding-top:0;padding-right:0;padding-left:var(--wp--preset--spacing--10)\">\n<div class=\"wp-block-column is-vertically-aligned-center is-layout-flow wp-block-column-is-layout-flow\" style=\"flex-basis:10%\">\n<figure class=\"wp-block-image aligncenter size-thumbnail\" style=\"margin-left:0\"><img loading=\"lazy\" decoding=\"async\" width=\"150\" height=\"150\" src=\"https:\/\/biomat.ch.pw.edu.pl\/wp-content\/uploads\/2024\/12\/ORCID_iDsmall-150x150.png\" alt=\"\" class=\"wp-image-602\" srcset=\"https:\/\/biomat.ch.pw.edu.pl\/wp-content\/uploads\/2024\/12\/ORCID_iDsmall-150x150.png 150w, https:\/\/biomat.ch.pw.edu.pl\/wp-content\/uploads\/2024\/12\/ORCID_iDsmall.png 200w\" sizes=\"(max-width: 150px) 100vw, 150px\" \/><\/figure>\n<\/div>\n\n\n\n<div class=\"wp-block-column is-vertically-aligned-center has-medium-font-size is-layout-flow wp-block-column-is-layout-flow\" style=\"flex-basis:90%\">\n<p class=\"has-small-font-size\"><a href=\"https:\/\/orcid.org\/0000-0001-8902-1761\" data-type=\"link\" data-id=\"https:\/\/orcid.org\/0000-0001-8902-1761\">https:\/\/orcid.org\/0000-0001-8902-1761<\/a><\/p>\n<\/div>\n<\/div>\n<\/div>\n\n\n\n<div class=\"wp-block-column is-layout-flow wp-block-column-is-layout-flow\">\n<div class=\"wp-block-media-text is-stacked-on-mobile is-vertically-aligned-top is-image-fill-element\" style=\"padding-top:var(--wp--preset--spacing--20)\"><figure class=\"wp-block-media-text__media\"><img loading=\"lazy\" decoding=\"async\" width=\"1000\" height=\"700\" src=\"https:\/\/biomat.ch.pw.edu.pl\/wp-content\/uploads\/2024\/06\/Julka-P.png\" alt=\"\" class=\"wp-image-61 size-full\" style=\"object-position:46% 43%\"\/><\/figure><div class=\"wp-block-media-text__content\">\n<p>dr in\u017c. <strong>Julita Pachla<\/strong><\/p>\n\n\n\n<p>Postdoctoral researcher<\/p>\n<\/div><\/div>\n\n\n\n<div class=\"wp-block-columns is-not-stacked-on-mobile is-layout-flex wp-container-core-columns-is-layout-fbf4cf9d wp-block-columns-is-layout-flex\" style=\"margin-top:var(--wp--preset--spacing--10);margin-bottom:0;padding-right:0;padding-left:var(--wp--preset--spacing--10)\">\n<div class=\"wp-block-column is-vertically-aligned-center is-layout-flow wp-block-column-is-layout-flow\" style=\"flex-basis:10%\">\n<figure class=\"wp-block-image aligncenter size-thumbnail\" style=\"margin-left:0\"><img loading=\"lazy\" decoding=\"async\" width=\"150\" height=\"150\" src=\"https:\/\/biomat.ch.pw.edu.pl\/wp-content\/uploads\/2024\/12\/ORCID_iDsmall-150x150.png\" alt=\"\" class=\"wp-image-602\" srcset=\"https:\/\/biomat.ch.pw.edu.pl\/wp-content\/uploads\/2024\/12\/ORCID_iDsmall-150x150.png 150w, https:\/\/biomat.ch.pw.edu.pl\/wp-content\/uploads\/2024\/12\/ORCID_iDsmall.png 200w\" sizes=\"(max-width: 150px) 100vw, 150px\" \/><\/figure>\n<\/div>\n\n\n\n<div class=\"wp-block-column is-vertically-aligned-center has-medium-font-size is-layout-flow wp-block-column-is-layout-flow\" style=\"flex-basis:90%\">\n<p class=\"has-small-font-size\"><a href=\"https:\/\/orcid.org\/0000-0003-1711-1367\" data-type=\"link\" data-id=\"https:\/\/orcid.org\/0000-0003-1711-1367\">https:\/\/orcid.org\/0000-0003-1711-1367<\/a><\/p>\n<\/div>\n<\/div>\n<\/div>\n\n\n\n<div class=\"wp-block-column is-layout-flow wp-block-column-is-layout-flow\">\n<div class=\"wp-block-media-text is-stacked-on-mobile is-vertically-aligned-top is-image-fill-element\" style=\"padding-top:var(--wp--preset--spacing--20);padding-bottom:0\"><figure class=\"wp-block-media-text__media\"><img loading=\"lazy\" decoding=\"async\" width=\"1000\" height=\"701\" src=\"https:\/\/biomat.ch.pw.edu.pl\/wp-content\/uploads\/2024\/06\/Eryk_G1000.png\" alt=\"\" class=\"wp-image-58 size-full\" style=\"object-position:49% 38%\"\/><\/figure><div class=\"wp-block-media-text__content\">\n<p>mgr in\u017c. <strong>Eryk Grzechnik<\/strong><\/p>\n\n\n\n<p>PhD student<\/p>\n<\/div><\/div>\n\n\n\n<div class=\"wp-block-columns is-not-stacked-on-mobile is-layout-flex wp-container-core-columns-is-layout-fbf4cf9d wp-block-columns-is-layout-flex\" style=\"margin-top:var(--wp--preset--spacing--10);margin-bottom:0;padding-right:0;padding-left:var(--wp--preset--spacing--10)\">\n<div class=\"wp-block-column is-vertically-aligned-center is-layout-flow wp-block-column-is-layout-flow\" style=\"flex-basis:10%\">\n<figure class=\"wp-block-image aligncenter size-thumbnail\" style=\"margin-left:0\"><img loading=\"lazy\" decoding=\"async\" width=\"150\" height=\"150\" src=\"https:\/\/biomat.ch.pw.edu.pl\/wp-content\/uploads\/2024\/12\/ORCID_iDsmall-150x150.png\" alt=\"\" class=\"wp-image-602\" srcset=\"https:\/\/biomat.ch.pw.edu.pl\/wp-content\/uploads\/2024\/12\/ORCID_iDsmall-150x150.png 150w, https:\/\/biomat.ch.pw.edu.pl\/wp-content\/uploads\/2024\/12\/ORCID_iDsmall.png 200w\" sizes=\"(max-width: 150px) 100vw, 150px\" \/><\/figure>\n<\/div>\n\n\n\n<div class=\"wp-block-column is-vertically-aligned-center has-medium-font-size is-layout-flow wp-block-column-is-layout-flow\" style=\"flex-basis:90%\">\n<p class=\"has-small-font-size\"><a href=\"https:\/\/orcid.org\/0000-0001-5572-8283\">https:\/\/orcid.org\/0000-0001-5572-8283<\/a><\/p>\n<\/div>\n<\/div>\n<\/div>\n<\/div>\n\n\n\n<div style=\"height:20px\" aria-hidden=\"true\" class=\"wp-block-spacer\"><\/div>\n\n\n\n<div class=\"wp-block-columns is-layout-flex wp-container-core-columns-is-layout-28f84493 wp-block-columns-is-layout-flex\">\n<div class=\"wp-block-column is-layout-flow wp-block-column-is-layout-flow\">\n<div class=\"wp-block-media-text is-stacked-on-mobile is-vertically-aligned-top is-image-fill-element\" style=\"padding-top:var(--wp--preset--spacing--20)\"><figure class=\"wp-block-media-text__media\"><img loading=\"lazy\" decoding=\"async\" width=\"1000\" height=\"700\" src=\"https:\/\/biomat.ch.pw.edu.pl\/wp-content\/uploads\/2024\/06\/Jan_K.png\" alt=\"\" class=\"wp-image-78 size-full\" style=\"object-position:50% 38%\"\/><\/figure><div class=\"wp-block-media-text__content\">\n<p>mgr in\u017c. <strong>Jan Kurzyna<\/strong><\/p>\n\n\n\n<p>PhD student<\/p>\n<\/div><\/div>\n\n\n\n<div class=\"wp-block-columns is-not-stacked-on-mobile is-layout-flex wp-container-core-columns-is-layout-fbf4cf9d wp-block-columns-is-layout-flex\" style=\"margin-top:var(--wp--preset--spacing--10);margin-bottom:0;padding-right:0;padding-left:var(--wp--preset--spacing--10)\">\n<div class=\"wp-block-column is-vertically-aligned-center is-layout-flow wp-block-column-is-layout-flow\" style=\"flex-basis:10%\">\n<figure class=\"wp-block-image aligncenter size-thumbnail\" style=\"margin-left:0\"><img loading=\"lazy\" decoding=\"async\" width=\"150\" height=\"150\" src=\"https:\/\/biomat.ch.pw.edu.pl\/wp-content\/uploads\/2024\/12\/ORCID_iDsmall-150x150.png\" alt=\"\" class=\"wp-image-602\" srcset=\"https:\/\/biomat.ch.pw.edu.pl\/wp-content\/uploads\/2024\/12\/ORCID_iDsmall-150x150.png 150w, https:\/\/biomat.ch.pw.edu.pl\/wp-content\/uploads\/2024\/12\/ORCID_iDsmall.png 200w\" sizes=\"(max-width: 150px) 100vw, 150px\" \/><\/figure>\n<\/div>\n\n\n\n<div class=\"wp-block-column is-vertically-aligned-center has-medium-font-size is-layout-flow wp-block-column-is-layout-flow\" style=\"flex-basis:90%\">\n<p class=\"has-small-font-size\"><a href=\"https:\/\/orcid.org\/0000-0001-5178-2434\" data-type=\"link\" data-id=\"https:\/\/orcid.org\/0000-0001-5178-2434\">https:\/\/orcid.org\/0000-0001-5178-2434<\/a><\/p>\n<\/div>\n<\/div>\n<\/div>\n\n\n\n<div class=\"wp-block-column is-layout-flow wp-block-column-is-layout-flow\">\n<div class=\"wp-block-media-text is-stacked-on-mobile is-vertically-aligned-top is-image-fill-element\" style=\"padding-top:var(--wp--preset--spacing--20)\"><figure class=\"wp-block-media-text__media\"><img loading=\"lazy\" decoding=\"async\" width=\"1000\" height=\"700\" src=\"https:\/\/biomat.ch.pw.edu.pl\/wp-content\/uploads\/2024\/06\/Ola_G.jpg\" alt=\"\" class=\"wp-image-68 size-full\" style=\"object-position:48% 44%\"\/><\/figure><div class=\"wp-block-media-text__content\">\n<p>mgr in\u017c. <strong>Aleksandra Godlewska<\/strong><\/p>\n\n\n\n<p>PhD student<\/p>\n<\/div><\/div>\n\n\n\n<div class=\"wp-block-columns is-not-stacked-on-mobile is-layout-flex wp-container-core-columns-is-layout-fbf4cf9d wp-block-columns-is-layout-flex\" style=\"margin-top:var(--wp--preset--spacing--10);margin-bottom:0;padding-right:0;padding-left:var(--wp--preset--spacing--10)\">\n<div class=\"wp-block-column is-vertically-aligned-center is-layout-flow wp-block-column-is-layout-flow\" style=\"flex-basis:10%\">\n<figure class=\"wp-block-image aligncenter size-thumbnail\" style=\"margin-left:0\"><img loading=\"lazy\" decoding=\"async\" width=\"150\" height=\"150\" src=\"https:\/\/biomat.ch.pw.edu.pl\/wp-content\/uploads\/2024\/12\/ORCID_iDsmall-150x150.png\" alt=\"\" class=\"wp-image-602\" srcset=\"https:\/\/biomat.ch.pw.edu.pl\/wp-content\/uploads\/2024\/12\/ORCID_iDsmall-150x150.png 150w, https:\/\/biomat.ch.pw.edu.pl\/wp-content\/uploads\/2024\/12\/ORCID_iDsmall.png 200w\" sizes=\"(max-width: 150px) 100vw, 150px\" \/><\/figure>\n<\/div>\n\n\n\n<div class=\"wp-block-column is-vertically-aligned-center has-medium-font-size is-layout-flow wp-block-column-is-layout-flow\" style=\"flex-basis:90%\">\n<p class=\"has-small-font-size\"><a href=\"https:\/\/orcid.org\/0000-0003-4874-5688\" data-type=\"link\" data-id=\"https:\/\/orcid.org\/0000-0003-4874-5688\">https:\/\/orcid.org\/0000-0003-4874-5688<\/a><\/p>\n<\/div>\n<\/div>\n<\/div>\n\n\n\n<div class=\"wp-block-column is-layout-flow wp-block-column-is-layout-flow\">\n<div class=\"wp-block-media-text is-stacked-on-mobile is-vertically-aligned-top is-image-fill-element\" style=\"padding-top:var(--wp--preset--spacing--20)\"><figure class=\"wp-block-media-text__media\"><img loading=\"lazy\" decoding=\"async\" width=\"1000\" height=\"700\" src=\"https:\/\/biomat.ch.pw.edu.pl\/wp-content\/uploads\/2024\/11\/Anna_J_2.jpg\" alt=\"\" class=\"wp-image-413 size-full\" style=\"object-position:50% 50%\"\/><\/figure><div class=\"wp-block-media-text__content\">\n<p>mgr in\u017c. <strong>Anna Jurczyk<\/strong><\/p>\n\n\n\n<p>PhD student<\/p>\n<\/div><\/div>\n\n\n\n<div class=\"wp-block-columns is-not-stacked-on-mobile is-layout-flex wp-container-core-columns-is-layout-fbf4cf9d wp-block-columns-is-layout-flex\" style=\"margin-top:var(--wp--preset--spacing--10);margin-bottom:0;padding-right:0;padding-left:var(--wp--preset--spacing--10)\">\n<div class=\"wp-block-column is-vertically-aligned-center is-layout-flow wp-block-column-is-layout-flow\" style=\"flex-basis:10%\">\n<figure class=\"wp-block-image aligncenter size-thumbnail\" style=\"margin-left:0\"><img loading=\"lazy\" decoding=\"async\" width=\"150\" height=\"150\" src=\"https:\/\/biomat.ch.pw.edu.pl\/wp-content\/uploads\/2024\/12\/ORCID_iDsmall-150x150.png\" alt=\"\" class=\"wp-image-602\" srcset=\"https:\/\/biomat.ch.pw.edu.pl\/wp-content\/uploads\/2024\/12\/ORCID_iDsmall-150x150.png 150w, https:\/\/biomat.ch.pw.edu.pl\/wp-content\/uploads\/2024\/12\/ORCID_iDsmall.png 200w\" sizes=\"(max-width: 150px) 100vw, 150px\" \/><\/figure>\n<\/div>\n\n\n\n<div class=\"wp-block-column is-vertically-aligned-center has-medium-font-size is-layout-flow wp-block-column-is-layout-flow\" style=\"flex-basis:90%\">\n<p class=\"has-small-font-size\"><a href=\"https:\/\/orcid.org\/0009-0000-7736-4206\" data-type=\"link\" data-id=\"https:\/\/orcid.org\/0009-0000-7736-4206\">https:\/\/orcid.org\/0009-0000-7736-4206<\/a><\/p>\n<\/div>\n<\/div>\n<\/div>\n<\/div>\n\n\n\n<div style=\"height:20px\" aria-hidden=\"true\" class=\"wp-block-spacer\"><\/div>\n\n\n\n<div class=\"wp-block-columns is-layout-flex wp-container-core-columns-is-layout-28f84493 wp-block-columns-is-layout-flex\">\n<div class=\"wp-block-column is-layout-flow wp-block-column-is-layout-flow\">\n<div class=\"wp-block-media-text is-stacked-on-mobile is-vertically-aligned-top is-image-fill-element\" style=\"padding-top:var(--wp--preset--spacing--20)\"><figure class=\"wp-block-media-text__media\"><img loading=\"lazy\" decoding=\"async\" width=\"1000\" height=\"700\" src=\"https:\/\/biomat.ch.pw.edu.pl\/wp-content\/uploads\/2025\/11\/OlaK_1000.jpg\" alt=\"\" class=\"wp-image-687 size-full\" style=\"object-position:50% 50%\"\/><\/figure><div class=\"wp-block-media-text__content\">\n<p>mgr in\u017c. <strong>Aleksandra  Kowalska<\/strong><\/p>\n\n\n\n<p>PhD student<\/p>\n<\/div><\/div>\n\n\n\n<div class=\"wp-block-columns is-not-stacked-on-mobile is-layout-flex wp-container-core-columns-is-layout-fbf4cf9d wp-block-columns-is-layout-flex\" style=\"margin-top:var(--wp--preset--spacing--10);margin-bottom:0;padding-right:0;padding-left:var(--wp--preset--spacing--10)\">\n<div class=\"wp-block-column is-vertically-aligned-center is-layout-flow wp-block-column-is-layout-flow\" style=\"flex-basis:10%\">\n<figure class=\"wp-block-image aligncenter size-thumbnail\" style=\"margin-left:0\"><img loading=\"lazy\" decoding=\"async\" width=\"150\" height=\"150\" src=\"https:\/\/biomat.ch.pw.edu.pl\/wp-content\/uploads\/2024\/12\/ORCID_iDsmall-150x150.png\" alt=\"\" class=\"wp-image-602\" srcset=\"https:\/\/biomat.ch.pw.edu.pl\/wp-content\/uploads\/2024\/12\/ORCID_iDsmall-150x150.png 150w, https:\/\/biomat.ch.pw.edu.pl\/wp-content\/uploads\/2024\/12\/ORCID_iDsmall.png 200w\" sizes=\"(max-width: 150px) 100vw, 150px\" \/><\/figure>\n<\/div>\n\n\n\n<div class=\"wp-block-column is-vertically-aligned-center has-medium-font-size is-layout-flow wp-block-column-is-layout-flow\" style=\"flex-basis:90%\">\n<p class=\"has-small-font-size\"><a href=\"https:\/\/orcid.org\/0009-0002-1875-5463\">https:\/\/orcid.org\/0009-0002-1875-5463<\/a><\/p>\n<\/div>\n<\/div>\n<\/div>\n\n\n\n<div class=\"wp-block-column is-layout-flow wp-block-column-is-layout-flow\"><\/div>\n\n\n\n<div class=\"wp-block-column is-layout-flow wp-block-column-is-layout-flow\"><\/div>\n<\/div>\n<\/div>\n","protected":false},"excerpt":{"rendered":"<p>prof. dr hab. in\u017c. Dominik Ja\u0144czewski group leader https:\/\/orcid.org\/0000-0002-5466-6444 dr in\u017c. Rafa\u0142 Kopiasz Assistant sabbatical at Universit\u00e9 Paris-Saclay https:\/\/orcid.org\/0000-0001-8902-1761 dr in\u017c. Julita Pachla Postdoctoral researcher https:\/\/orcid.org\/0000-0003-1711-1367 mgr in\u017c. Eryk Grzechnik PhD student https:\/\/orcid.org\/0000-0001-5572-8283 mgr in\u017c. Jan Kurzyna PhD student https:\/\/orcid.org\/0000-0001-5178-2434 mgr in\u017c. Aleksandra Godlewska PhD student https:\/\/orcid.org\/0000-0003-4874-5688 mgr in\u017c. Anna Jurczyk PhD student https:\/\/orcid.org\/0009-0000-7736-4206 mgr [&hellip;]<\/p>\n","protected":false},"author":1,"featured_media":0,"parent":0,"menu_order":0,"comment_status":"closed","ping_status":"closed","template":"","meta":{"footnotes":""},"class_list":["post-33","page","type-page","status-publish","hentry"],"_links":{"self":[{"href":"https:\/\/biomat.ch.pw.edu.pl\/index.php\/wp-json\/wp\/v2\/pages\/33","targetHints":{"allow":["GET"]}}],"collection":[{"href":"https:\/\/biomat.ch.pw.edu.pl\/index.php\/wp-json\/wp\/v2\/pages"}],"about":[{"href":"https:\/\/biomat.ch.pw.edu.pl\/index.php\/wp-json\/wp\/v2\/types\/page"}],"author":[{"embeddable":true,"href":"https:\/\/biomat.ch.pw.edu.pl\/index.php\/wp-json\/wp\/v2\/users\/1"}],"replies":[{"embeddable":true,"href":"https:\/\/biomat.ch.pw.edu.pl\/index.php\/wp-json\/wp\/v2\/comments?post=33"}],"version-history":[{"count":96,"href":"https:\/\/biomat.ch.pw.edu.pl\/index.php\/wp-json\/wp\/v2\/pages\/33\/revisions"}],"predecessor-version":[{"id":690,"href":"https:\/\/biomat.ch.pw.edu.pl\/index.php\/wp-json\/wp\/v2\/pages\/33\/revisions\/690"}],"wp:attachment":[{"href":"https:\/\/biomat.ch.pw.edu.pl\/index.php\/wp-json\/wp\/v2\/media?parent=33"}],"curies":[{"name":"wp","href":"https:\/\/api.w.org\/{rel}","templated":true}]}}